{"id":2098,"date":"2024-02-19T00:35:31","date_gmt":"2024-02-19T00:35:31","guid":{"rendered":"https:\/\/direalita.com\/?page_id=2098"},"modified":"2024-02-28T21:34:23","modified_gmt":"2024-02-28T21:34:23","slug":"photo-guide","status":"publish","type":"page","link":"https:\/\/direalita.com\/de\/photo-guide\/","title":{"rendered":"Fotoanleitung"},"content":{"rendered":"<div data-elementor-type=\"wp-page\" data-elementor-id=\"2098\" class=\"elementor elementor-2098\">\n\t\t\t\t<div class=\"elementor-element elementor-element-4094ee7 e-flex e-con-boxed e-con e-parent\" data-id=\"4094ee7\" data-element_type=\"container\" data-settings=\"{&quot;background_background&quot;:&quot;classic&quot;}\">\n\t\t\t\t\t<div class=\"e-con-inner\">\n\t\t<div class=\"elementor-element elementor-element-8695738 e-flex e-con-boxed e-con e-child\" data-id=\"8695738\" data-element_type=\"container\" data-settings=\"{&quot;background_background&quot;:&quot;classic&quot;}\">\n\t\t\t\t\t<div class=\"e-con-inner\">\n\t\t\t\t<div class=\"elementor-element elementor-element-2646c9c elementor-widget__width-initial elementor-absolute elementor-invisible elementor-widget elementor-widget-heading\" data-id=\"2646c9c\" data-element_type=\"widget\" data-settings=\"{&quot;_animation&quot;:&quot;zoomIn&quot;,&quot;_position&quot;:&quot;absolute&quot;}\" data-widget_type=\"heading.default\">\n\t\t\t\t<div class=\"elementor-widget-container\">\n\t\t\t<h1 class=\"elementor-heading-title elementor-size-default\">The memories and paw prints of a beloved pet remain in our heart and soul forever.<\/h1>\t\t<\/div>\n\t\t\t\t<\/div>\n\t\t\t\t\t<\/div>\n\t\t\t\t<\/div>\n\t\t\t\t\t<\/div>\n\t\t\t\t<\/div>\n\t\t<div class=\"elementor-element elementor-element-bbd1e9b e-flex e-con-boxed e-con e-parent\" data-id=\"bbd1e9b\" data-element_type=\"container\">\n\t\t\t\t\t<div class=\"e-con-inner\">\n\t\t\t\t<div class=\"elementor-element elementor-element-a3dace1 elementor-hidden-mobile elementor-widget elementor-widget-spacer\" data-id=\"a3dace1\" data-element_type=\"widget\" data-widget_type=\"spacer.default\">\n\t\t\t\t<div class=\"elementor-widget-container\">\n\t\t\t\t\t<div class=\"elementor-spacer\">\n\t\t\t<div class=\"elementor-spacer-inner\"><\/div>\n\t\t<\/div>\n\t\t\t\t<\/div>\n\t\t\t\t<\/div>\n\t\t\t\t\t<\/div>\n\t\t\t\t<\/div>\n\t\t<div class=\"elementor-element elementor-element-7caa35c e-flex e-con-boxed e-con e-parent\" data-id=\"7caa35c\" data-element_type=\"container\">\n\t\t\t\t\t<div class=\"e-con-inner\">\n\t\t\t\t<div class=\"elementor-element elementor-element-132e661 elementor-widget elementor-widget-heading\" data-id=\"132e661\" data-element_type=\"widget\" data-widget_type=\"heading.default\">\n\t\t\t\t<div class=\"elementor-widget-container\">\n\t\t\t<h2 class=\"elementor-heading-title elementor-size-default\">Mein Bezugsrahmen ist Ihr Blick. Machen Sie ihn perfekt sichtbar.<\/h2>\t\t<\/div>\n\t\t\t\t<\/div>\n\t\t\t\t<div class=\"elementor-element elementor-element-bf464c7 elementor-hidden-mobile elementor-widget elementor-widget-spacer\" data-id=\"bf464c7\" data-element_type=\"widget\" data-widget_type=\"spacer.default\">\n\t\t\t\t<div class=\"elementor-widget-container\">\n\t\t\t\t\t<div class=\"elementor-spacer\">\n\t\t\t<div class=\"elementor-spacer-inner\"><\/div>\n\t\t<\/div>\n\t\t\t\t<\/div>\n\t\t\t\t<\/div>\n\t\t\t\t\t<\/div>\n\t\t\t\t<\/div>\n\t\t<div class=\"elementor-element elementor-element-8931f10 e-flex e-con-boxed e-con e-parent\" data-id=\"8931f10\" data-element_type=\"container\">\n\t\t\t\t\t<div class=\"e-con-inner\">\n\t\t<div class=\"elementor-element elementor-element-ee6203a e-con-full e-flex e-con e-child\" data-id=\"ee6203a\" data-element_type=\"container\">\n\t\t\t\t<div class=\"elementor-element elementor-element-e0ec874 elementor-widget elementor-widget-heading\" data-id=\"e0ec874\" data-element_type=\"widget\" data-widget_type=\"heading.default\">\n\t\t\t\t<div class=\"elementor-widget-container\">\n\t\t\t<h2 class=\"elementor-heading-title elementor-size-default\">Beleuchtung.<\/h2>\t\t<\/div>\n\t\t\t\t<\/div>\n\t\t\t\t<div class=\"elementor-element elementor-element-4d4a2ab elementor-widget elementor-widget-text-editor\" data-id=\"4d4a2ab\" data-element_type=\"widget\" data-widget_type=\"text-editor.default\">\n\t\t\t\t<div class=\"elementor-widget-container\">\n\t\t\t\t\t\t\t<p>Die Verwendung von nat\u00fcrlichem Licht ist immer die beste Option, wenn es um hochwertige Fotos geht. Achten Sie darauf, keinen Blitz zu verwenden. Vermeiden Sie auch direktes Sonnenlicht.<\/p>\t\t\t\t\t\t<\/div>\n\t\t\t\t<\/div>\n\t\t\t\t<\/div>\n\t\t<div class=\"elementor-element elementor-element-ad9b599 e-con-full e-flex e-con e-child\" data-id=\"ad9b599\" data-element_type=\"container\">\n\t\t\t\t<div class=\"elementor-element elementor-element-57311ef elementor-widget elementor-widget-heading\" data-id=\"57311ef\" data-element_type=\"widget\" data-widget_type=\"heading.default\">\n\t\t\t\t<div class=\"elementor-widget-container\">\n\t\t\t<h2 class=\"elementor-heading-title elementor-size-default\">Pers\u00f6nlichkeit.<\/h2>\t\t<\/div>\n\t\t\t\t<\/div>\n\t\t\t\t<div class=\"elementor-element elementor-element-355c5c2 elementor-widget elementor-widget-text-editor\" data-id=\"355c5c2\" data-element_type=\"widget\" data-widget_type=\"text-editor.default\">\n\t\t\t\t<div class=\"elementor-widget-container\">\n\t\t\t\t\t\t\t<p>Pers\u00f6nlichkeit ist alles. Machen Sie Fotos von ihren Lieblingen, wenn sie tun, was sie lieben. Wenn sie gerne spielen, verwenden Sie Spielzeug und Leckereien, um ihre Aufmerksamkeit auf die Kamera zu lenken, wenn sie eher Faulpelze zu Hause haben, gehen Sie auf ihr Niveau, um ihre gro\u00dfen Augen einzufangen.<\/p>\t\t\t\t\t\t<\/div>\n\t\t\t\t<\/div>\n\t\t\t\t<\/div>\n\t\t<div class=\"elementor-element elementor-element-775c986 e-con-full e-flex e-con e-child\" data-id=\"775c986\" data-element_type=\"container\">\n\t\t\t\t<div class=\"elementor-element elementor-element-d41e81c elementor-widget elementor-widget-heading\" data-id=\"d41e81c\" data-element_type=\"widget\" data-widget_type=\"heading.default\">\n\t\t\t\t<div class=\"elementor-widget-container\">\n\t\t\t<h2 class=\"elementor-heading-title elementor-size-default\">Farben.<\/h2>\t\t<\/div>\n\t\t\t\t<\/div>\n\t\t\t\t<div class=\"elementor-element elementor-element-64f7fbe elementor-widget elementor-widget-text-editor\" data-id=\"64f7fbe\" data-element_type=\"widget\" data-widget_type=\"text-editor.default\">\n\t\t\t\t<div class=\"elementor-widget-container\">\n\t\t\t\t\t\t\t<p>Stellen Sie sicher, dass die Farben des Fells und der Augen den echten Farben Ihres Haustieres am n\u00e4chsten sind.<\/p>\t\t\t\t\t\t<\/div>\n\t\t\t\t<\/div>\n\t\t\t\t<\/div>\n\t\t<div class=\"elementor-element elementor-element-d324e41 e-con-full e-flex e-con e-child\" data-id=\"d324e41\" data-element_type=\"container\">\n\t\t\t\t<div class=\"elementor-element elementor-element-59795f5 elementor-widget elementor-widget-heading\" data-id=\"59795f5\" data-element_type=\"widget\" data-widget_type=\"heading.default\">\n\t\t\t\t<div class=\"elementor-widget-container\">\n\t\t\t<h2 class=\"elementor-heading-title elementor-size-default\">Positionierung.<\/h2>\t\t<\/div>\n\t\t\t\t<\/div>\n\t\t\t\t<div class=\"elementor-element elementor-element-561c5a9 elementor-widget elementor-widget-text-editor\" data-id=\"561c5a9\" data-element_type=\"widget\" data-widget_type=\"text-editor.default\">\n\t\t\t\t<div class=\"elementor-widget-container\">\n\t\t\t\t\t\t\t<p>Erlauben Sie ihnen, sich wohl zu f\u00fchlen, machen Sie so viele Fotos wie m\u00f6glich. Schicken Sie mir gerne eine Auswahl Ihrer Lieblingsaufnahmen. Versuchen Sie, m\u00f6glichst alles, was Ihnen wichtig ist, einzufangen und haupts\u00e4chlich Nahaufnahmen zu verwenden.<\/p>\t\t\t\t\t\t<\/div>\n\t\t\t\t<\/div>\n\t\t\t\t<\/div>\n\t\t<div class=\"elementor-element elementor-element-141863b e-con-full e-flex e-con e-child\" data-id=\"141863b\" data-element_type=\"container\">\n\t\t\t\t<div class=\"elementor-element elementor-element-8d6a248 elementor-widget elementor-widget-heading\" data-id=\"8d6a248\" data-element_type=\"widget\" data-widget_type=\"heading.default\">\n\t\t\t\t<div class=\"elementor-widget-container\">\n\t\t\t<h2 class=\"elementor-heading-title elementor-size-default\">Einzelheiten.<\/h2>\t\t<\/div>\n\t\t\t\t<\/div>\n\t\t\t\t<div class=\"elementor-element elementor-element-d7f818f elementor-widget elementor-widget-text-editor\" data-id=\"d7f818f\" data-element_type=\"widget\" data-widget_type=\"text-editor.default\">\n\t\t\t\t<div class=\"elementor-widget-container\">\n\t\t\t\t\t\t\t<p>W\u00e4hlen Sie hochaufl\u00f6sende Fotos, die die winzigen Details des Fells zeigen. Alle Fotos sollten sehr klar, ohne Unsch\u00e4rfe und im richtigen Fokus sein.<\/p>\t\t\t\t\t\t<\/div>\n\t\t\t\t<\/div>\n\t\t\t\t<\/div>\n\t\t\t\t\t<\/div>\n\t\t\t\t<\/div>\n\t\t<div class=\"elementor-element elementor-element-b24ce11 e-flex e-con-boxed e-con e-parent\" data-id=\"b24ce11\" data-element_type=\"container\">\n\t\t\t\t\t<div class=\"e-con-inner\">\n\t\t\t\t<div class=\"elementor-element elementor-element-8221d4f elementor-widget elementor-widget-spacer\" data-id=\"8221d4f\" data-element_type=\"widget\" data-widget_type=\"spacer.default\">\n\t\t\t\t<div class=\"elementor-widget-container\">\n\t\t\t\t\t<div class=\"elementor-spacer\">\n\t\t\t<div class=\"elementor-spacer-inner\"><\/div>\n\t\t<\/div>\n\t\t\t\t<\/div>\n\t\t\t\t<\/div>\n\t\t\t\t\t<\/div>\n\t\t\t\t<\/div>\n\t\t<div class=\"elementor-element elementor-element-facde8c e-flex e-con-boxed e-con e-parent\" data-id=\"facde8c\" data-element_type=\"container\">\n\t\t\t\t\t<div class=\"e-con-inner\">\n\t\t\t\t<div class=\"elementor-element elementor-element-ebda0bb elementor-widget elementor-widget-text-editor\" data-id=\"ebda0bb\" data-element_type=\"widget\" data-widget_type=\"text-editor.default\">\n\t\t\t\t<div class=\"elementor-widget-container\">\n\t\t\t\t\t\t\t<p><span style=\"text-decoration: underline;\"><strong>Verstorbene Haustiere:<\/strong><\/span>\u00a0Wenn Ihr geliebtes Haustier inzwischen jenseits Regenbogens lebt, haben Sie m\u00f6glicherweise nur begrenzte Bilder zur Verf\u00fcgung. Schicken Sie mir in diesem Fall so viele gute Aufnahmen wie m\u00f6glich und wir erarbeiten gemeinsam ein tolles Erinnerungsst\u00fcck.<\/p>\t\t\t\t\t\t<\/div>\n\t\t\t\t<\/div>\n\t\t\t\t\t<\/div>\n\t\t\t\t<\/div>\n\t\t<div class=\"elementor-element elementor-element-1d11ed3 e-flex e-con-boxed e-con e-parent\" data-id=\"1d11ed3\" data-element_type=\"container\">\n\t\t\t\t\t<div class=\"e-con-inner\">\n\t\t\t\t<div class=\"elementor-element elementor-element-40a0c71 elementor-widget elementor-widget-spacer\" data-id=\"40a0c71\" data-element_type=\"widget\" data-widget_type=\"spacer.default\">\n\t\t\t\t<div class=\"elementor-widget-container\">\n\t\t\t\t\t<div class=\"elementor-spacer\">\n\t\t\t<div class=\"elementor-spacer-inner\"><\/div>\n\t\t<\/div>\n\t\t\t\t<\/div>\n\t\t\t\t<\/div>\n\t\t\t\t\t<\/div>\n\t\t\t\t<\/div>\n\t\t<div class=\"elementor-element elementor-element-3bbe31b e-flex e-con-boxed e-con e-parent\" data-id=\"3bbe31b\" data-element_type=\"container\">\n\t\t\t\t\t<div class=\"e-con-inner\">\n\t\t\t\t<div class=\"elementor-element elementor-element-341d805 elementor-widget-divider--separator-type-pattern elementor-widget-divider--view-line elementor-widget elementor-widget-divider\" data-id=\"341d805\" data-element_type=\"widget\" data-widget_type=\"divider.default\">\n\t\t\t\t<div class=\"elementor-widget-container\">\n\t\t\t\t\t<div class=\"elementor-divider\" style=\"--divider-pattern-url: url(&quot;data:image\/svg+xml,%3Csvg xmlns=&#039;http:\/\/www.w3.org\/2000\/svg&#039; preserveAspectRatio=&#039;none&#039; overflow=&#039;visible&#039; height=&#039;100%&#039; viewBox=&#039;0 0 24 24&#039; fill=&#039;none&#039; stroke=&#039;black&#039; stroke-width=&#039;1&#039; stroke-linecap=&#039;square&#039; stroke-miterlimit=&#039;10&#039;%3E%3Cpolyline points=&#039;0,18 12,6 24,18 &#039;\/%3E%3C\/svg%3E&quot;);\">\n\t\t\t<span class=\"elementor-divider-separator\">\n\t\t\t\t\t\t<\/span>\n\t\t<\/div>\n\t\t\t\t<\/div>\n\t\t\t\t<\/div>\n\t\t\t\t\t<\/div>\n\t\t\t\t<\/div>\n\t\t<div class=\"elementor-element elementor-element-0183a8c e-flex e-con-boxed e-con e-parent\" data-id=\"0183a8c\" data-element_type=\"container\">\n\t\t\t\t\t<div class=\"e-con-inner\">\n\t\t\t\t<div class=\"elementor-element elementor-element-a3c2da3 elementor-widget elementor-widget-spacer\" data-id=\"a3c2da3\" data-element_type=\"widget\" data-widget_type=\"spacer.default\">\n\t\t\t\t<div class=\"elementor-widget-container\">\n\t\t\t\t\t<div class=\"elementor-spacer\">\n\t\t\t<div class=\"elementor-spacer-inner\"><\/div>\n\t\t<\/div>\n\t\t\t\t<\/div>\n\t\t\t\t<\/div>\n\t\t\t\t\t<\/div>\n\t\t\t\t<\/div>\n\t\t<div class=\"elementor-element elementor-element-a8c38f5 e-flex e-con-boxed e-con e-parent\" data-id=\"a8c38f5\" data-element_type=\"container\">\n\t\t\t\t\t<div class=\"e-con-inner\">\n\t\t\t\t<div class=\"elementor-element elementor-element-01d0a3a elementor-widget elementor-widget-heading\" data-id=\"01d0a3a\" data-element_type=\"widget\" data-widget_type=\"heading.default\">\n\t\t\t\t<div class=\"elementor-widget-container\">\n\t\t\t<h2 class=\"elementor-heading-title elementor-size-default\">Betrachten Sie meine bisherigen Auftr\u00e4ge und Kunstwerke:<\/h2>\t\t<\/div>\n\t\t\t\t<\/div>\n\t\t\t\t\t<\/div>\n\t\t\t\t<\/div>\n\t\t<div class=\"elementor-element elementor-element-b0d2216 e-flex e-con-boxed e-con e-parent\" data-id=\"b0d2216\" data-element_type=\"container\">\n\t\t\t\t\t<div class=\"e-con-inner\">\n\t\t\t\t<div class=\"elementor-element elementor-element-ec45991 elementor-align-center elementor-widget elementor-widget-button\" data-id=\"ec45991\" data-element_type=\"widget\" data-widget_type=\"button.default\">\n\t\t\t\t<div class=\"elementor-widget-container\">\n\t\t\t\t\t<div class=\"elementor-button-wrapper\">\n\t\t\t<a class=\"elementor-button elementor-button-link elementor-size-sm elementor-animation-grow\" href=\"https:\/\/direalita.com\/de\/gallery\/\">\n\t\t\t\t\t\t<span class=\"elementor-button-content-wrapper\">\n\t\t\t\t\t\t\t\t\t<span class=\"elementor-button-text\">GALERIE<\/span>\n\t\t\t\t\t<\/span>\n\t\t\t\t\t<\/a>\n\t\t<\/div>\n\t\t\t\t<\/div>\n\t\t\t\t<\/div>\n\t\t\t\t\t<\/div>\n\t\t\t\t<\/div>\n\t\t<div class=\"elementor-element elementor-element-894eda2 e-flex e-con-boxed e-con e-parent\" data-id=\"894eda2\" data-element_type=\"container\">\n\t\t\t\t\t<div class=\"e-con-inner\">\n\t\t\t\t<div class=\"elementor-element elementor-element-94a0c9a elementor-widget elementor-widget-spacer\" data-id=\"94a0c9a\" data-element_type=\"widget\" data-widget_type=\"spacer.default\">\n\t\t\t\t<div class=\"elementor-widget-container\">\n\t\t\t\t\t<div class=\"elementor-spacer\">\n\t\t\t<div class=\"elementor-spacer-inner\"><\/div>\n\t\t<\/div>\n\t\t\t\t<\/div>\n\t\t\t\t<\/div>\n\t\t\t\t\t<\/div>\n\t\t\t\t<\/div>\n\t\t\t\t<\/div>","protected":false},"excerpt":{"rendered":"<p>The memories and paw prints of a beloved pet remain in our heart and soul forever. My frame of reference [&hellip;]<\/p>","protected":false},"author":1,"featured_media":0,"parent":0,"menu_order":0,"comment_status":"closed","ping_status":"closed","template":"","meta":{"site-sidebar-layout":"no-sidebar","site-content-layout":"page-builder","ast-site-content-layout":"full-width-container","site-content-style":"unboxed","site-sidebar-style":"unboxed","ast-global-header-display":"","ast-banner-title-visibility":"","ast-main-header-display":"","ast-hfb-above-header-display":"","ast-hfb-below-header-display":"","ast-hfb-mobile-header-display":"","site-post-title":"disabled","ast-breadcrumbs-content":"","ast-featured-img":"disabled","footer-sml-layout":"","theme-transparent-header-meta":"enabled","adv-header-id-meta":"","stick-header-meta":"","header-above-stick-meta":"","header-main-stick-meta":"","header-below-stick-meta":"","astra-migrate-meta-layouts":"set","ast-page-background-enabled":"default","ast-page-background-meta":{"desktop":{"background-color":"var(--ast-global-color-4)","background-image":"","background-repeat":"repeat","background-position":"center center","background-size":"auto","background-attachment":"scroll","background-type":"","background-media":"","overlay-type":"","overlay-color":"","overlay-gradient":""},"tablet":{"background-color":"","background-image":"","background-repeat":"repeat","background-position":"center center","background-size":"auto","background-attachment":"scroll","background-type":"","background-media":"","overlay-type":"","overlay-color":"","overlay-gradient":""},"mobile":{"background-color":"","background-image":"","background-repeat":"repeat","background-position":"center center","background-size":"auto","background-attachment":"scroll","background-type":"","background-media":"","overlay-type":"","overlay-color":"","overlay-gradient":""}},"ast-content-background-meta":{"desktop":{"background-color":"var(--ast-global-color-5)","background-image":"","background-repeat":"repeat","background-position":"center center","background-size":"auto","background-attachment":"scroll","background-type":"","background-media":"","overlay-type":"","overlay-color":"","overlay-gradient":""},"tablet":{"background-color":"var(--ast-global-color-5)","background-image":"","background-repeat":"repeat","background-position":"center center","background-size":"auto","background-attachment":"scroll","background-type":"","background-media":"","overlay-type":"","overlay-color":"","overlay-gradient":""},"mobile":{"background-color":"var(--ast-global-color-5)","background-image":"","background-repeat":"repeat","background-position":"center center","background-size":"auto","background-attachment":"scroll","background-type":"","background-media":"","overlay-type":"","overlay-color":"","overlay-gradient":""}},"ngg_post_thumbnail":0,"footnotes":""},"class_list":["post-2098","page","type-page","status-publish","hentry"],"yoast_head":"<!-- This site is optimized with the Yoast SEO plugin v23.6 - https:\/\/yoast.com\/wordpress\/plugins\/seo\/ -->\n<title>Photo Guide - direalita<\/title>\n<meta name=\"robots\" content=\"noindex, follow, max-snippet:-1, max-image-preview:large, max-video-preview:-1\" \/>\n<meta property=\"og:locale\" content=\"de_DE\" \/>\n<meta property=\"og:type\" content=\"article\" \/>\n<meta property=\"og:title\" content=\"Photo Guide - direalita\" \/>\n<meta property=\"og:description\" content=\"The memories and paw prints of a beloved pet remain in our heart and soul forever. My frame of reference [&hellip;]\" \/>\n<meta property=\"og:url\" content=\"https:\/\/direalita.com\/de\/photo-guide\/\" \/>\n<meta property=\"og:site_name\" content=\"direalita\" \/>\n<meta property=\"article:modified_time\" content=\"2024-02-28T21:34:23+00:00\" \/>\n<meta name=\"twitter:card\" content=\"summary_large_image\" \/>\n<meta name=\"twitter:label1\" content=\"Gesch\u00e4tzte Lesezeit\" \/>\n\t<meta name=\"twitter:data1\" content=\"2 Minuten\" \/>\n<script type=\"application\/ld+json\" class=\"yoast-schema-graph\">{\"@context\":\"https:\/\/schema.org\",\"@graph\":[{\"@type\":\"WebPage\",\"@id\":\"https:\/\/direalita.com\/en\/photo-guide\/\",\"url\":\"https:\/\/direalita.com\/en\/photo-guide\/\",\"name\":\"Photo Guide - direalita\",\"isPartOf\":{\"@id\":\"https:\/\/direalita.com\/en\/#website\"},\"datePublished\":\"2024-02-19T00:35:31+00:00\",\"dateModified\":\"2024-02-28T21:34:23+00:00\",\"breadcrumb\":{\"@id\":\"https:\/\/direalita.com\/en\/photo-guide\/#breadcrumb\"},\"inLanguage\":\"de-AT\",\"potentialAction\":[{\"@type\":\"ReadAction\",\"target\":[\"https:\/\/direalita.com\/en\/photo-guide\/\"]}]},{\"@type\":\"BreadcrumbList\",\"@id\":\"https:\/\/direalita.com\/en\/photo-guide\/#breadcrumb\",\"itemListElement\":[{\"@type\":\"ListItem\",\"position\":1,\"name\":\"Home\",\"item\":\"https:\/\/direalita.com\/en\/\"},{\"@type\":\"ListItem\",\"position\":2,\"name\":\"Photo Guide\"}]},{\"@type\":\"WebSite\",\"@id\":\"https:\/\/direalita.com\/en\/#website\",\"url\":\"https:\/\/direalita.com\/en\/\",\"name\":\"direalita\",\"description\":\"\",\"publisher\":{\"@id\":\"https:\/\/direalita.com\/en\/#organization\"},\"potentialAction\":[{\"@type\":\"SearchAction\",\"target\":{\"@type\":\"EntryPoint\",\"urlTemplate\":\"https:\/\/direalita.com\/en\/?s={search_term_string}\"},\"query-input\":{\"@type\":\"PropertyValueSpecification\",\"valueRequired\":true,\"valueName\":\"search_term_string\"}}],\"inLanguage\":\"de-AT\"},{\"@type\":\"Organization\",\"@id\":\"https:\/\/direalita.com\/en\/#organization\",\"name\":\"direalita\",\"url\":\"https:\/\/direalita.com\/en\/\",\"logo\":{\"@type\":\"ImageObject\",\"inLanguage\":\"de-AT\",\"@id\":\"https:\/\/direalita.com\/en\/#\/schema\/logo\/image\/\",\"url\":\"https:\/\/direalita.com\/wp-content\/uploads\/2024\/02\/cropped-Logo.png\",\"contentUrl\":\"https:\/\/direalita.com\/wp-content\/uploads\/2024\/02\/cropped-Logo.png\",\"width\":765,\"height\":200,\"caption\":\"direalita\"},\"image\":{\"@id\":\"https:\/\/direalita.com\/en\/#\/schema\/logo\/image\/\"}}]}<\/script>\n<!-- \/ Yoast SEO plugin. -->","yoast_head_json":{"title":"Photo Guide - direalita","robots":{"index":"noindex","follow":"follow","max-snippet":"max-snippet:-1","max-image-preview":"max-image-preview:large","max-video-preview":"max-video-preview:-1"},"og_locale":"de_DE","og_type":"article","og_title":"Photo Guide - direalita","og_description":"The memories and paw prints of a beloved pet remain in our heart and soul forever. My frame of reference [&hellip;]","og_url":"https:\/\/direalita.com\/de\/photo-guide\/","og_site_name":"direalita","article_modified_time":"2024-02-28T21:34:23+00:00","twitter_card":"summary_large_image","twitter_misc":{"Gesch\u00e4tzte Lesezeit":"2 Minuten"},"schema":{"@context":"https:\/\/schema.org","@graph":[{"@type":"WebPage","@id":"https:\/\/direalita.com\/en\/photo-guide\/","url":"https:\/\/direalita.com\/en\/photo-guide\/","name":"Photo Guide - direalita","isPartOf":{"@id":"https:\/\/direalita.com\/en\/#website"},"datePublished":"2024-02-19T00:35:31+00:00","dateModified":"2024-02-28T21:34:23+00:00","breadcrumb":{"@id":"https:\/\/direalita.com\/en\/photo-guide\/#breadcrumb"},"inLanguage":"de-AT","potentialAction":[{"@type":"ReadAction","target":["https:\/\/direalita.com\/en\/photo-guide\/"]}]},{"@type":"BreadcrumbList","@id":"https:\/\/direalita.com\/en\/photo-guide\/#breadcrumb","itemListElement":[{"@type":"ListItem","position":1,"name":"Home","item":"https:\/\/direalita.com\/en\/"},{"@type":"ListItem","position":2,"name":"Photo Guide"}]},{"@type":"WebSite","@id":"https:\/\/direalita.com\/en\/#website","url":"https:\/\/direalita.com\/en\/","name":"direalita","description":"","publisher":{"@id":"https:\/\/direalita.com\/en\/#organization"},"potentialAction":[{"@type":"SearchAction","target":{"@type":"EntryPoint","urlTemplate":"https:\/\/direalita.com\/en\/?s={search_term_string}"},"query-input":{"@type":"PropertyValueSpecification","valueRequired":true,"valueName":"search_term_string"}}],"inLanguage":"de-AT"},{"@type":"Organization","@id":"https:\/\/direalita.com\/en\/#organization","name":"direalita","url":"https:\/\/direalita.com\/en\/","logo":{"@type":"ImageObject","inLanguage":"de-AT","@id":"https:\/\/direalita.com\/en\/#\/schema\/logo\/image\/","url":"https:\/\/direalita.com\/wp-content\/uploads\/2024\/02\/cropped-Logo.png","contentUrl":"https:\/\/direalita.com\/wp-content\/uploads\/2024\/02\/cropped-Logo.png","width":765,"height":200,"caption":"direalita"},"image":{"@id":"https:\/\/direalita.com\/en\/#\/schema\/logo\/image\/"}}]}},"_links":{"self":[{"href":"https:\/\/direalita.com\/de\/wp-json\/wp\/v2\/pages\/2098","targetHints":{"allow":["GET"]}}],"collection":[{"href":"https:\/\/direalita.com\/de\/wp-json\/wp\/v2\/pages"}],"about":[{"href":"https:\/\/direalita.com\/de\/wp-json\/wp\/v2\/types\/page"}],"author":[{"embeddable":true,"href":"https:\/\/direalita.com\/de\/wp-json\/wp\/v2\/users\/1"}],"replies":[{"embeddable":true,"href":"https:\/\/direalita.com\/de\/wp-json\/wp\/v2\/comments?post=2098"}],"version-history":[{"count":197,"href":"https:\/\/direalita.com\/de\/wp-json\/wp\/v2\/pages\/2098\/revisions"}],"predecessor-version":[{"id":3154,"href":"https:\/\/direalita.com\/de\/wp-json\/wp\/v2\/pages\/2098\/revisions\/3154"}],"wp:attachment":[{"href":"https:\/\/direalita.com\/de\/wp-json\/wp\/v2\/media?parent=2098"}],"curies":[{"name":"wp","href":"https:\/\/api.w.org\/{rel}","templated":true}]}}